{"id":187,"date":"2020-05-29T17:15:13","date_gmt":"2020-05-29T17:15:13","guid":{"rendered":"https:\/\/jupiterx.artbees.net\/business-2\/?page_id=187"},"modified":"2024-10-02T22:38:50","modified_gmt":"2024-10-02T22:38:50","slug":"blog","status":"publish","type":"page","link":"http:\/\/www.istanbulcuval.com\/?page_id=187","title":{"rendered":"Blog"},"content":{"rendered":"\t\t<div data-elementor-type=\"wp-page\" data-elementor-id=\"187\" class=\"elementor elementor-187\">\n\t\t\t\t\t\t<section class=\"elementor-section elementor-top-section elementor-element elementor-element-8d934f6 elementor-section-boxed elementor-section-height-default elementor-section-height-default\" data-id=\"8d934f6\" data-element_type=\"section\" data-settings=\"{&quot;jet_parallax_layout_list&quot;:[{&quot;jet_parallax_layout_image&quot;:{&quot;url&quot;:&quot;&quot;,&quot;id&quot;:&quot;&quot;,&quot;size&quot;:&quot;&quot;},&quot;_id&quot;:&quot;e37ee88&quot;,&quot;jet_parallax_layout_image_tablet&quot;:{&quot;url&quot;:&quot;&quot;,&quot;id&quot;:&quot;&quot;,&quot;size&quot;:&quot;&quot;},&quot;jet_parallax_layout_image_mobile&quot;:{&quot;url&quot;:&quot;&quot;,&quot;id&quot;:&quot;&quot;,&quot;size&quot;:&quot;&quot;},&quot;jet_parallax_layout_speed&quot;:{&quot;unit&quot;:&quot;%&quot;,&quot;size&quot;:50,&quot;sizes&quot;:[]},&quot;jet_parallax_layout_type&quot;:&quot;scroll&quot;,&quot;jet_parallax_layout_direction&quot;:null,&quot;jet_parallax_layout_fx_direction&quot;:null,&quot;jet_parallax_layout_z_index&quot;:&quot;&quot;,&quot;jet_parallax_layout_bg_x&quot;:50,&quot;jet_parallax_layout_bg_x_tablet&quot;:&quot;&quot;,&quot;jet_parallax_layout_bg_x_mobile&quot;:&quot;&quot;,&quot;jet_parallax_layout_bg_y&quot;:50,&quot;jet_parallax_layout_bg_y_tablet&quot;:&quot;&quot;,&quot;jet_parallax_layout_bg_y_mobile&quot;:&quot;&quot;,&quot;jet_parallax_layout_bg_size&quot;:&quot;auto&quot;,&quot;jet_parallax_layout_bg_size_tablet&quot;:&quot;&quot;,&quot;jet_parallax_layout_bg_size_mobile&quot;:&quot;&quot;,&quot;jet_parallax_layout_animation_prop&quot;:&quot;transform&quot;,&quot;jet_parallax_layout_on&quot;:[&quot;desktop&quot;,&quot;tablet&quot;]}],&quot;background_background&quot;:&quot;classic&quot;}\">\n\t\t\t\t\t\t\t<div class=\"elementor-background-overlay\"><\/div>\n\t\t\t\t\t\t\t<div class=\"elementor-container elementor-column-gap-no\">\n\t\t\t\t\t<div class=\"elementor-column elementor-col-50 elementor-top-column elementor-element elementor-element-eba1a57\" data-id=\"eba1a57\" data-element_type=\"column\">\n\t\t\t<div class=\"elementor-widget-wrap elementor-element-populated\">\n\t\t\t\t\t\t<div class=\"elementor-element elementor-element-8fd417d elementor-widget elementor-widget-heading\" data-id=\"8fd417d\" data-element_type=\"widget\" data-widget_type=\"heading.default\">\n\t\t\t\t<div class=\"elementor-widget-container\">\n\t\t\t<h1 class=\"elementor-heading-title elementor-size-default\">\u0130stanbul \u00c7uval Blog<\/h1>\t\t<\/div>\n\t\t\t\t<\/div>\n\t\t\t\t\t<\/div>\n\t\t<\/div>\n\t\t\t\t<div class=\"elementor-column elementor-col-50 elementor-top-column elementor-element elementor-element-43112cc\" data-id=\"43112cc\" data-element_type=\"column\">\n\t\t\t<div class=\"elementor-widget-wrap\">\n\t\t\t\t\t\t\t<\/div>\n\t\t<\/div>\n\t\t\t\t\t<\/div>\n\t\t<\/section>\n\t\t\t\t<section class=\"elementor-section elementor-top-section elementor-element elementor-element-e5318a1 elementor-section-boxed elementor-section-height-default elementor-section-height-default\" data-id=\"e5318a1\" data-element_type=\"section\" data-settings=\"{&quot;jet_parallax_layout_list&quot;:[{&quot;jet_parallax_layout_image&quot;:{&quot;url&quot;:&quot;&quot;,&quot;id&quot;:&quot;&quot;,&quot;size&quot;:&quot;&quot;},&quot;_id&quot;:&quot;acef401&quot;,&quot;jet_parallax_layout_image_tablet&quot;:{&quot;url&quot;:&quot;&quot;,&quot;id&quot;:&quot;&quot;,&quot;size&quot;:&quot;&quot;},&quot;jet_parallax_layout_image_mobile&quot;:{&quot;url&quot;:&quot;&quot;,&quot;id&quot;:&quot;&quot;,&quot;size&quot;:&quot;&quot;},&quot;jet_parallax_layout_speed&quot;:{&quot;unit&quot;:&quot;%&quot;,&quot;size&quot;:50,&quot;sizes&quot;:[]},&quot;jet_parallax_layout_type&quot;:&quot;scroll&quot;,&quot;jet_parallax_layout_direction&quot;:null,&quot;jet_parallax_layout_fx_direction&quot;:null,&quot;jet_parallax_layout_z_index&quot;:&quot;&quot;,&quot;jet_parallax_layout_bg_x&quot;:50,&quot;jet_parallax_layout_bg_x_tablet&quot;:&quot;&quot;,&quot;jet_parallax_layout_bg_x_mobile&quot;:&quot;&quot;,&quot;jet_parallax_layout_bg_y&quot;:50,&quot;jet_parallax_layout_bg_y_tablet&quot;:&quot;&quot;,&quot;jet_parallax_layout_bg_y_mobile&quot;:&quot;&quot;,&quot;jet_parallax_layout_bg_size&quot;:&quot;auto&quot;,&quot;jet_parallax_layout_bg_size_tablet&quot;:&quot;&quot;,&quot;jet_parallax_layout_bg_size_mobile&quot;:&quot;&quot;,&quot;jet_parallax_layout_animation_prop&quot;:&quot;transform&quot;,&quot;jet_parallax_layout_on&quot;:[&quot;desktop&quot;,&quot;tablet&quot;]}]}\">\n\t\t\t\t\t\t<div class=\"elementor-container elementor-column-gap-no\">\n\t\t\t\t\t<div class=\"elementor-column elementor-col-100 elementor-top-column elementor-element elementor-element-02145a9\" data-id=\"02145a9\" data-element_type=\"column\">\n\t\t\t<div class=\"elementor-widget-wrap elementor-element-populated\">\n\t\t\t\t\t\t<div class=\"elementor-element elementor-element-c5b238d raven-hover-slide-down elementor-widget elementor-widget-raven-posts\" data-id=\"c5b238d\" data-element_type=\"widget\" data-settings=\"{&quot;classic_columns&quot;:&quot;2&quot;,&quot;classic_show_pagination&quot;:&quot;yes&quot;,&quot;_skin&quot;:&quot;classic&quot;,&quot;classic_layout&quot;:&quot;grid&quot;,&quot;classic_columns_tablet&quot;:&quot;2&quot;,&quot;classic_columns_mobile&quot;:&quot;1&quot;,&quot;query_posts_per_page&quot;:6,&quot;classic_pagination_type&quot;:&quot;page_based&quot;,&quot;query_offset&quot;:0}\" data-widget_type=\"raven-posts.classic\">\n\t\t\t\t<div class=\"elementor-widget-container\">\n\t\t\t\t\t<div class=\"raven-posts raven-grid raven-grid-2 raven-grid-mobile-1 raven-grid-tablet-2\" data-post-id=\"187\" data-archive-query=\"\" data-lang=\"\">\n\t\t\t\t<div class=\"raven-grid-item raven-post-item post-782 post type-post status-publish format-standard hentry category-ikinci-el-cuvallar tag-ikinci-el-seker-cuvali tag-istanbul-2 tag-istanbul-cuval\">\n\t\t\t<div class=\"raven-post\">\n\t\t\t\t\t\t\t\t<div class=\"raven-post-content\">\n\t\t\t\t\t\t\t<div class=\"raven-post-meta\"><a class=\"raven-post-meta-item raven-post-date\" href=\"http:\/\/www.istanbulcuval.com\/?m=202410\" rel=\"bookmark\">Ekim 2, 2024<\/a><\/div>\n\t\t<h3 class=\"raven-post-title\"><a class=\"raven-post-title-link\" href=\"http:\/\/www.istanbulcuval.com\/?p=782\">\u0130kinci El \u015eeker \u00c7uval\u0131<\/a><\/h3><div class=\"raven-post-excerpt\">\u0130kinci el \u015feker \u00e7uval\u0131 \u015fekerden bo\u015falt\u0131l\u0131p i\u00e7i tasnif edildikten sonra sat\u0131\u015fa sunulmaktad\u0131r. 55X95 ebat\u0131nda olup gramaj olarak \u00e7ok sa\u011flam \u00e7uval oldu\u011fu i\u00e7in \u00e7ok\u00e7a tercih edilmektedir. Daha \u00e7ok demir \u00e7uval\u0131,civata \u00e7uval\u0131,moloz<\/div>\t\t<div class=\"raven-post-read-more\">\n\t\t\t<a class=\"raven-post-button\" href=\"http:\/\/www.istanbulcuval.com\/?p=782\"><span class=\"raven-post-button-text\">Read More<\/span><\/a>\n\t\t<\/div>\n\t\t\t\t\t\t<\/div>\n\t\t\t<\/div>\n\t\t<\/div>\n\t\t\t\t<div class=\"raven-grid-item raven-post-item post-779 post type-post status-publish format-standard hentry category-ikinci-el-cuvallar tag-ikinci-el-yem-cuvali tag-istanbul-2 tag-istanbul-cuval tag-yem-cuvali\">\n\t\t\t<div class=\"raven-post\">\n\t\t\t\t\t\t\t\t<div class=\"raven-post-content\">\n\t\t\t\t\t\t\t<div class=\"raven-post-meta\"><a class=\"raven-post-meta-item raven-post-date\" href=\"http:\/\/www.istanbulcuval.com\/?m=202410\" rel=\"bookmark\">Ekim 2, 2024<\/a><\/div>\n\t\t<h3 class=\"raven-post-title\"><a class=\"raven-post-title-link\" href=\"http:\/\/www.istanbulcuval.com\/?p=779\">\u0130kinci El Yem \u00c7uval\u0131<\/a><\/h3><div class=\"raven-post-excerpt\">\u0130kinci El Yem &#8211; \u015eeker \u00c7uval\u0131 Malzemeler ikinci eldir ve temizdir. Moloz at\u0131klar\u0131 i\u00e7in en uygun \u00e7uvald\u0131r \u00d6l\u00e7\u00fcs\u00fc 70&#215;100 &#8211;\u00a065&#215;100 50li paketler halinde veya\u00a0250li Presli Balyalar \u015feklindedir. Yemden \u00e7\u0131km\u0131\u015f, Tasv\u0131r<\/div>\t\t<div class=\"raven-post-read-more\">\n\t\t\t<a class=\"raven-post-button\" href=\"http:\/\/www.istanbulcuval.com\/?p=779\"><span class=\"raven-post-button-text\">Read More<\/span><\/a>\n\t\t<\/div>\n\t\t\t\t\t\t<\/div>\n\t\t\t<\/div>\n\t\t<\/div>\n\t\t\t\t<div class=\"raven-grid-item raven-post-item post-777 post type-post status-publish format-standard hentry category-ikinci-el-cuvallar tag-baski-hatali-komur-cuvali tag-ikinci-el-cuval tag-istanbul-2 tag-istanbul-cuval\">\n\t\t\t<div class=\"raven-post\">\n\t\t\t\t\t\t\t\t<div class=\"raven-post-content\">\n\t\t\t\t\t\t\t<div class=\"raven-post-meta\"><a class=\"raven-post-meta-item raven-post-date\" href=\"http:\/\/www.istanbulcuval.com\/?m=202410\" rel=\"bookmark\">Ekim 2, 2024<\/a><\/div>\n\t\t<h3 class=\"raven-post-title\"><a class=\"raven-post-title-link\" href=\"http:\/\/www.istanbulcuval.com\/?p=777\">Bask\u0131 Hatal\u0131 K\u00f6m\u00fcr \u00c7uval\u0131<\/a><\/h3><div class=\"raven-post-excerpt\">Bask\u0131 hatal\u0131 k\u00f6m\u00fcr \u00e7uvallar\u0131 hi\u00e7 kullan\u0131lmam\u0131\u015f s\u0131f\u0131r \u00e7uvald\u0131r.Fiyat\u0131 uygun oldu\u011fu i\u00e7in \u00e7ok\u00e7a tercih edilmektedir. Moloz \u00e7uval\u0131 olarak kullan\u0131lmaktad\u0131r. 2 boy olarak k\u00f6m\u00fcr \u00e7uval\u0131 vard\u0131r.50X75 &nbsp;60X90 olarak bulunmaktad\u0131r. 50X75 boyutunda olan<\/div>\t\t<div class=\"raven-post-read-more\">\n\t\t\t<a class=\"raven-post-button\" href=\"http:\/\/www.istanbulcuval.com\/?p=777\"><span class=\"raven-post-button-text\">Read More<\/span><\/a>\n\t\t<\/div>\n\t\t\t\t\t\t<\/div>\n\t\t\t<\/div>\n\t\t<\/div>\n\t\t\t\t<div class=\"raven-grid-item raven-post-item post-762 post type-post status-publish format-standard hentry category-ikinci-el-cuvallar tag-ikinci-el-jut-cuval tag-istanbul-2 tag-istanbul-cuval tag-kahve-cuvali\">\n\t\t\t<div class=\"raven-post\">\n\t\t\t\t\t\t\t\t<div class=\"raven-post-content\">\n\t\t\t\t\t\t\t<div class=\"raven-post-meta\"><a class=\"raven-post-meta-item raven-post-date\" href=\"http:\/\/www.istanbulcuval.com\/?m=202410\" rel=\"bookmark\">Ekim 2, 2024<\/a><\/div>\n\t\t<h3 class=\"raven-post-title\"><a class=\"raven-post-title-link\" href=\"http:\/\/www.istanbulcuval.com\/?p=762\">\u0130kinci El J\u00fct \u00c7uval (Kahve \u00c7uval\u0131)<\/a><\/h3><div class=\"raven-post-excerpt\">\u0130kinci el J\u00fct \u00c7uval \u00e7e\u015fitli g\u0131dalardan \u00e7\u0131kma olup delik y\u0131rt\u0131k vs yoktur.Tek tek elden ge\u00e7irilip temizlenmektedir.Paketlenmesi 25&#8217;lik balyalar halinde haz\u0131rlanmaktad\u0131r.Genelde zeytin \u00e7uval\u0131 ve f\u0131r\u0131n silgisi ama\u00e7l\u0131 \u00e7ok\u00e7a kullan\u0131lmaktad\u0131r.Daha detayl\u0131 bilgi<\/div>\t\t<div class=\"raven-post-read-more\">\n\t\t\t<a class=\"raven-post-button\" href=\"http:\/\/www.istanbulcuval.com\/?p=762\"><span class=\"raven-post-button-text\">Read More<\/span><\/a>\n\t\t<\/div>\n\t\t\t\t\t\t<\/div>\n\t\t\t<\/div>\n\t\t<\/div>\n\t\t\t\t<div class=\"raven-grid-item raven-post-item post-758 post type-post status-publish format-standard hentry category-ipler tag-istanbul-2 tag-istanbul-cuval tag-jut-halat\">\n\t\t\t<div class=\"raven-post\">\n\t\t\t\t\t\t\t\t<div class=\"raven-post-content\">\n\t\t\t\t\t\t\t<div class=\"raven-post-meta\"><a class=\"raven-post-meta-item raven-post-date\" href=\"http:\/\/www.istanbulcuval.com\/?m=202410\" rel=\"bookmark\">Ekim 2, 2024<\/a><\/div>\n\t\t<h3 class=\"raven-post-title\"><a class=\"raven-post-title-link\" href=\"http:\/\/www.istanbulcuval.com\/?p=758\">J\u00fct Halat<\/a><\/h3><div class=\"raven-post-excerpt\">Ham kendirin titizlikle taranarak ip haline getirilmi\u015ftir. \u00c7e\u015fitli kal\u0131nl\u0131klar\u0131 bulunan kendir ipi ambalaj ipi, t\u00fct\u00fcn ipi, dekor objesi, para ba\u011flama ipi olarak geni\u015f bir yelpazeye sahiptir.J\u00fct halat hammaddesi j\u00fct liflerinden<\/div>\t\t<div class=\"raven-post-read-more\">\n\t\t\t<a class=\"raven-post-button\" href=\"http:\/\/www.istanbulcuval.com\/?p=758\"><span class=\"raven-post-button-text\">Read More<\/span><\/a>\n\t\t<\/div>\n\t\t\t\t\t\t<\/div>\n\t\t\t<\/div>\n\t\t<\/div>\n\t\t\t\t<div class=\"raven-grid-item raven-post-item post-755 post type-post status-publish format-standard hentry category-ipler tag-istanbul-2 tag-istanbul-cuval tag-somek-ip\">\n\t\t\t<div class=\"raven-post\">\n\t\t\t\t\t\t\t\t<div class=\"raven-post-content\">\n\t\t\t\t\t\t\t<div class=\"raven-post-meta\"><a class=\"raven-post-meta-item raven-post-date\" href=\"http:\/\/www.istanbulcuval.com\/?m=202410\" rel=\"bookmark\">Ekim 2, 2024<\/a><\/div>\n\t\t<h3 class=\"raven-post-title\"><a class=\"raven-post-title-link\" href=\"http:\/\/www.istanbulcuval.com\/?p=755\">S\u00f6mek \u0130p<\/a><\/h3><div class=\"raven-post-excerpt\">Pamuk ipinden \u00fcretilen s\u00f6mek ipinin \u00e7e\u015fitli kullan\u0131m alanlar\u0131 bulunmaktad\u0131r. Sucuk ipi,t\u00fct\u00fcn ipi,past\u0131rma ipi,\u00e7uval dikme ipi olarak kullan\u0131lmaktad\u0131r. S\u00f6mek ipinin piyasada 2 rengi bulunmaktad\u0131r.krem ve mavi renkli olarak sat\u0131\u015fa sunulmtad\u0131r. S\u00f6mek<\/div>\t\t<div class=\"raven-post-read-more\">\n\t\t\t<a class=\"raven-post-button\" href=\"http:\/\/www.istanbulcuval.com\/?p=755\"><span class=\"raven-post-button-text\">Read More<\/span><\/a>\n\t\t<\/div>\n\t\t\t\t\t\t<\/div>\n\t\t\t<\/div>\n\t\t<\/div>\n\t\t\t\t<\/div>\n\t\t\t\t<div class=\"raven-pagination\" data-settings=\"{&quot;posts_per_page&quot;:6,&quot;total_pages&quot;:8,&quot;pages_visible&quot;:7}\">\n\t\t\t<div class=\"raven-pagination-items\">\n\t\t\t\t<a class=\"raven-pagination-prev raven-pagination-item raven-pagination-disabled\" href=\"#\">&laquo; <\/a><a class=\"raven-pagination-num raven-pagination-item raven-pagination-active\" href=\"#\" data-page-num=\"1\">1<\/a><a class=\"raven-pagination-num raven-pagination-item\" href=\"#\" data-page-num=\"2\">2<\/a><a class=\"raven-pagination-num raven-pagination-item\" href=\"#\" data-page-num=\"3\">3<\/a><a class=\"raven-pagination-num raven-pagination-item\" href=\"#\" data-page-num=\"4\">4<\/a><a class=\"raven-pagination-num raven-pagination-item\" href=\"#\" data-page-num=\"5\">5<\/a><a class=\"raven-pagination-num raven-pagination-item\" href=\"#\" data-page-num=\"6\">6<\/a><a class=\"raven-pagination-num raven-pagination-item\" href=\"#\" data-page-num=\"7\">7<\/a><a class=\"raven-pagination-next raven-pagination-item\" href=\"#\">&raquo;<\/a>\t\t\t<\/div>\n\t\t<\/div>\n\t\t\t\t<\/div>\n\t\t\t\t<\/div>\n\t\t\t\t\t<\/div>\n\t\t<\/div>\n\t\t\t\t\t<\/div>\n\t\t<\/section>\n\t\t\t\t<\/div>\n\t\t","protected":false},"excerpt":{"rendered":"<p>\u0130stanbul \u00c7uval Blog Ekim 2, 2024 \u0130kinci El \u015eeker \u00c7uval\u0131 \u0130kinci el \u015feker \u00e7uval\u0131 \u015fekerden bo\u015falt\u0131l\u0131p i\u00e7i tasnif edildikten sonra sat\u0131\u015fa sunulmaktad\u0131r. 55X95 ebat\u0131nda olup gramaj olarak \u00e7ok sa\u011flam \u00e7uval oldu\u011fu i\u00e7in \u00e7ok\u00e7a tercih edilmektedir. Daha \u00e7ok demir \u00e7uval\u0131,civata \u00e7uval\u0131,moloz Read More Ekim 2, 2024 \u0130kinci El Yem \u00c7uval\u0131 \u0130kinci el \u00e7uvalda en \u00e7ok tercih [&hellip;]<\/p>\n","protected":false},"author":1,"featured_media":0,"parent":0,"menu_order":0,"comment_status":"closed","ping_status":"closed","template":"full-width.php","meta":{"_acf_changed":false,"footnotes":""},"class_list":["post-187","page","type-page","status-publish","hentry"],"acf":[],"_links":{"self":[{"href":"http:\/\/www.istanbulcuval.com\/index.php?rest_route=\/wp\/v2\/pages\/187"}],"collection":[{"href":"http:\/\/www.istanbulcuval.com\/index.php?rest_route=\/wp\/v2\/pages"}],"about":[{"href":"http:\/\/www.istanbulcuval.com\/index.php?rest_route=\/wp\/v2\/types\/page"}],"author":[{"embeddable":true,"href":"http:\/\/www.istanbulcuval.com\/index.php?rest_route=\/wp\/v2\/users\/1"}],"replies":[{"embeddable":true,"href":"http:\/\/www.istanbulcuval.com\/index.php?rest_route=%2Fwp%2Fv2%2Fcomments&post=187"}],"version-history":[{"count":7,"href":"http:\/\/www.istanbulcuval.com\/index.php?rest_route=\/wp\/v2\/pages\/187\/revisions"}],"predecessor-version":[{"id":794,"href":"http:\/\/www.istanbulcuval.com\/index.php?rest_route=\/wp\/v2\/pages\/187\/revisions\/794"}],"wp:attachment":[{"href":"http:\/\/www.istanbulcuval.com\/index.php?rest_route=%2Fwp%2Fv2%2Fmedia&parent=187"}],"curies":[{"name":"wp","href":"https:\/\/api.w.org\/{rel}","templated":true}]}}