{"id":107,"date":"2020-05-29T10:10:14","date_gmt":"2020-05-29T10:10:14","guid":{"rendered":"https:\/\/jupiterx.artbees.net\/business-2\/?page_id=107"},"modified":"2024-10-15T21:20:42","modified_gmt":"2024-10-15T21:20:42","slug":"hakkimizda","status":"publish","type":"page","link":"http:\/\/www.istanbulcuval.com\/?page_id=107","title":{"rendered":"Hakk\u0131m\u0131zda"},"content":{"rendered":"\t\t<div data-elementor-type=\"wp-page\" data-elementor-id=\"107\" class=\"elementor elementor-107\">\n\t\t\t\t\t\t<section class=\"elementor-section elementor-top-section elementor-element elementor-element-77cd72c elementor-section-boxed elementor-section-height-default elementor-section-height-default\" data-id=\"77cd72c\" data-element_type=\"section\" data-settings=\"{&quot;jet_parallax_layout_list&quot;:[{&quot;jet_parallax_layout_image&quot;:{&quot;url&quot;:&quot;&quot;,&quot;id&quot;:&quot;&quot;,&quot;size&quot;:&quot;&quot;},&quot;_id&quot;:&quot;e37ee88&quot;,&quot;jet_parallax_layout_image_tablet&quot;:{&quot;url&quot;:&quot;&quot;,&quot;id&quot;:&quot;&quot;,&quot;size&quot;:&quot;&quot;},&quot;jet_parallax_layout_image_mobile&quot;:{&quot;url&quot;:&quot;&quot;,&quot;id&quot;:&quot;&quot;,&quot;size&quot;:&quot;&quot;},&quot;jet_parallax_layout_speed&quot;:{&quot;unit&quot;:&quot;%&quot;,&quot;size&quot;:50,&quot;sizes&quot;:[]},&quot;jet_parallax_layout_type&quot;:&quot;scroll&quot;,&quot;jet_parallax_layout_direction&quot;:null,&quot;jet_parallax_layout_fx_direction&quot;:null,&quot;jet_parallax_layout_z_index&quot;:&quot;&quot;,&quot;jet_parallax_layout_bg_x&quot;:50,&quot;jet_parallax_layout_bg_x_tablet&quot;:&quot;&quot;,&quot;jet_parallax_layout_bg_x_mobile&quot;:&quot;&quot;,&quot;jet_parallax_layout_bg_y&quot;:50,&quot;jet_parallax_layout_bg_y_tablet&quot;:&quot;&quot;,&quot;jet_parallax_layout_bg_y_mobile&quot;:&quot;&quot;,&quot;jet_parallax_layout_bg_size&quot;:&quot;auto&quot;,&quot;jet_parallax_layout_bg_size_tablet&quot;:&quot;&quot;,&quot;jet_parallax_layout_bg_size_mobile&quot;:&quot;&quot;,&quot;jet_parallax_layout_animation_prop&quot;:&quot;transform&quot;,&quot;jet_parallax_layout_on&quot;:[&quot;desktop&quot;,&quot;tablet&quot;]}],&quot;background_background&quot;:&quot;classic&quot;}\">\n\t\t\t\t\t\t\t<div class=\"elementor-background-overlay\"><\/div>\n\t\t\t\t\t\t\t<div class=\"elementor-container elementor-column-gap-no\">\n\t\t\t\t\t<div class=\"elementor-column elementor-col-50 elementor-top-column elementor-element elementor-element-0a4ea13\" data-id=\"0a4ea13\" data-element_type=\"column\">\n\t\t\t<div class=\"elementor-widget-wrap elementor-element-populated\">\n\t\t\t\t\t\t<div class=\"elementor-element elementor-element-ce88909 elementor-widget elementor-widget-heading\" data-id=\"ce88909\" data-element_type=\"widget\" data-widget_type=\"heading.default\">\n\t\t\t\t<div class=\"elementor-widget-container\">\n\t\t\t<h1 class=\"elementor-heading-title elementor-size-default\">Hakk\u0131m\u0131zda<\/h1>\t\t<\/div>\n\t\t\t\t<\/div>\n\t\t\t\t\t<\/div>\n\t\t<\/div>\n\t\t\t\t<div class=\"elementor-column elementor-col-50 elementor-top-column elementor-element elementor-element-9d38bee\" data-id=\"9d38bee\" data-element_type=\"column\">\n\t\t\t<div class=\"elementor-widget-wrap\">\n\t\t\t\t\t\t\t<\/div>\n\t\t<\/div>\n\t\t\t\t\t<\/div>\n\t\t<\/section>\n\t\t\t\t<section class=\"elementor-section elementor-top-section elementor-element elementor-element-ffdae1e elementor-section-boxed elementor-section-height-default elementor-section-height-default\" data-id=\"ffdae1e\" data-element_type=\"section\" data-settings=\"{&quot;jet_parallax_layout_list&quot;:[{&quot;jet_parallax_layout_image&quot;:{&quot;url&quot;:&quot;&quot;,&quot;id&quot;:&quot;&quot;,&quot;size&quot;:&quot;&quot;},&quot;_id&quot;:&quot;a0f7db2&quot;,&quot;jet_parallax_layout_image_tablet&quot;:{&quot;url&quot;:&quot;&quot;,&quot;id&quot;:&quot;&quot;,&quot;size&quot;:&quot;&quot;},&quot;jet_parallax_layout_image_mobile&quot;:{&quot;url&quot;:&quot;&quot;,&quot;id&quot;:&quot;&quot;,&quot;size&quot;:&quot;&quot;},&quot;jet_parallax_layout_speed&quot;:{&quot;unit&quot;:&quot;%&quot;,&quot;size&quot;:50,&quot;sizes&quot;:[]},&quot;jet_parallax_layout_type&quot;:&quot;scroll&quot;,&quot;jet_parallax_layout_direction&quot;:null,&quot;jet_parallax_layout_fx_direction&quot;:null,&quot;jet_parallax_layout_z_index&quot;:&quot;&quot;,&quot;jet_parallax_layout_bg_x&quot;:50,&quot;jet_parallax_layout_bg_x_tablet&quot;:&quot;&quot;,&quot;jet_parallax_layout_bg_x_mobile&quot;:&quot;&quot;,&quot;jet_parallax_layout_bg_y&quot;:50,&quot;jet_parallax_layout_bg_y_tablet&quot;:&quot;&quot;,&quot;jet_parallax_layout_bg_y_mobile&quot;:&quot;&quot;,&quot;jet_parallax_layout_bg_size&quot;:&quot;auto&quot;,&quot;jet_parallax_layout_bg_size_tablet&quot;:&quot;&quot;,&quot;jet_parallax_layout_bg_size_mobile&quot;:&quot;&quot;,&quot;jet_parallax_layout_animation_prop&quot;:&quot;transform&quot;,&quot;jet_parallax_layout_on&quot;:[&quot;desktop&quot;,&quot;tablet&quot;]}]}\">\n\t\t\t\t\t\t<div class=\"elementor-container elementor-column-gap-no\">\n\t\t\t\t\t<div class=\"elementor-column elementor-col-100 elementor-top-column elementor-element elementor-element-b07681d\" data-id=\"b07681d\" data-element_type=\"column\">\n\t\t\t<div class=\"elementor-widget-wrap elementor-element-populated\">\n\t\t\t\t\t\t<div class=\"elementor-element elementor-element-8cdfe93 elementor-widget elementor-widget-heading\" data-id=\"8cdfe93\" data-element_type=\"widget\" data-widget_type=\"heading.default\">\n\t\t\t\t<div class=\"elementor-widget-container\">\n\t\t\t<h5 class=\"elementor-heading-title elementor-size-default\">Biz K\u0131m\u0131z ?<\/h5>\t\t<\/div>\n\t\t\t\t<\/div>\n\t\t\t\t<div class=\"elementor-element elementor-element-531700d elementor-widget elementor-widget-heading\" data-id=\"531700d\" data-element_type=\"widget\" data-widget_type=\"heading.default\">\n\t\t\t\t<div class=\"elementor-widget-container\">\n\t\t\t<h2 class=\"elementor-heading-title elementor-size-default\">\u0130stanbul \u00c7uval<\/h2>\t\t<\/div>\n\t\t\t\t<\/div>\n\t\t\t\t<div class=\"elementor-element elementor-element-c44c2e3 elementor-widget elementor-widget-text-editor\" data-id=\"c44c2e3\" data-element_type=\"widget\" data-widget_type=\"text-editor.default\">\n\t\t\t\t<div class=\"elementor-widget-container\">\n\t\t\t\t\t\t\t<p><strong>\u0130stanbul \u00c7uval<\/strong> olarak, uzun y\u0131llard\u0131r \u00e7uval ve ambalaj sekt\u00f6r\u00fcnde g\u00fcvenilir ve kaliteli hizmet sunmaktay\u0131z. Hem perakende hem de toptan sat\u0131\u015flarla, geni\u015f bir \u00fcr\u00fcn yelpazesine sahibiz. M\u00fc\u015fterilerimize en dayan\u0131kl\u0131 ve \u00e7e\u015fitli \u00fcr\u00fcn se\u00e7eneklerini sunarak, ihtiya\u00e7lar\u0131na uygun \u00e7\u00f6z\u00fcmler sa\u011fl\u0131yoruz.<\/p><p>\u00dcr\u00fcn yelpazemizde, <strong>PP \u00e7uval<\/strong>, <strong>j\u00fct \u00e7uval<\/strong>, <strong>j\u00fct kuma\u015f<\/strong>, <strong>branda<\/strong>, <strong>file \u00e7uval<\/strong>, <strong>ikinci el \u00e7uval<\/strong>, <strong>g\u00f6lgelik<\/strong> ve <strong>ip<\/strong> gibi bir\u00e7ok farkl\u0131 malzeme yer almaktad\u0131r. Her biri, y\u00fcksek kaliteli hammaddeler kullan\u0131larak \u00fcretilmi\u015f olup, tar\u0131mdan sanayiye, in\u015faattan depolamaya kadar pek \u00e7ok sekt\u00f6rde kullan\u0131lmaktad\u0131r.<\/p><p>Y\u0131llar\u0131n getirdi\u011fi tecr\u00fcbeyle, m\u00fc\u015fteri memnuniyetini \u00f6nceli\u011fimiz olarak g\u00f6r\u00fcyor ve kaliteli hizmet anlay\u0131\u015f\u0131m\u0131zdan \u00f6d\u00fcn vermiyoruz. Uzman ekibimizle birlikte, ihtiya\u00e7lar\u0131n\u0131za en uygun \u00fcr\u00fcnleri sunarken, her zaman h\u0131zl\u0131 ve g\u00fcvenilir hizmet sa\u011flamak i\u00e7in \u00e7al\u0131\u015f\u0131yoruz.<\/p><p>Bizi tercih eden m\u00fc\u015fterilerimizle uzun vadeli ve g\u00fcvene dayal\u0131 i\u015f birlikleri kurmay\u0131 ama\u00e7l\u0131yor, kaliteli \u00fcr\u00fcnlerimizi rekabet\u00e7i fiyatlarla sunarak, sekt\u00f6rdeki g\u00fc\u00e7l\u00fc konumumuzu koruyoruz.<\/p><p>Her t\u00fcrl\u00fc \u00e7uval ve ambalaj ihtiya\u00e7lar\u0131n\u0131z i\u00e7in <strong>\u0130stanbul \u00c7uval<\/strong>\u2019a g\u00fcvenebilirsiniz.<\/p>\t\t\t\t\t\t<\/div>\n\t\t\t\t<\/div>\n\t\t\t\t<div class=\"elementor-element elementor-element-e0cce34 elementor-align-center elementor-widget elementor-widget-raven-button\" data-id=\"e0cce34\" data-element_type=\"widget\" data-settings=\"{&quot;turn_to_popup_action_button&quot;:&quot;no&quot;}\" data-widget_type=\"raven-button.default\">\n\t\t\t\t<div class=\"elementor-widget-container\">\n\t\t\t\t\t<div class=\"raven-widget-wrapper\">\n\t\t\t<a class=\"raven-button raven-button-widget-normal-effect-none  raven-button-text-align-center raven-button-link elementor-animation-none\" href=\"http:\/\/www.istanbulcuval.com\/?page_id=190\">\t\t\t\t<div class=\"raven-button-overlay\" ><\/div>\n\t\t\t\t<span class=\"raven-button-content\">\n\t\t\t\t\t\n\t\t\t\t\t<div class=\"button-text-container\">\n\t\t\t\t\t\t\t\t\t\t\t\t<div class=\"raven-button-texts-wrapper\">\n\t\t\t\t\t\t\t<div class=\"button-text\">\n\t\t\t\t\t\t\t\t<span class=\"raven-button-text\">\n\t\t\t\t\t\t\t\t\tSipari\u015finizi Hemen Olu\u015fturun\t\t\t\t\t\t\t\t<\/span>\n\t\t\t\t\t\t\t<\/div>\n\t\t\t\t\t\t\t\t\t\t\t\t\t<\/div>\n\t\t\t\t\t\t\t\t\t\t\t<\/div>\n\t\t\t\t\t\n\t\t\t\t\t\t\t\t\t<\/span>\n\t\t\t<\/a>\t\t<\/div>\n\t\t\t\t<\/div>\n\t\t\t\t<\/div>\n\t\t\t\t\t<\/div>\n\t\t<\/div>\n\t\t\t\t\t<\/div>\n\t\t<\/section>\n\t\t\t\t<section class=\"elementor-section elementor-top-section elementor-element elementor-element-8adb4a6 elementor-section-boxed elementor-section-height-default elementor-section-height-default\" data-id=\"8adb4a6\" data-element_type=\"section\" data-settings=\"{&quot;jet_parallax_layout_list&quot;:[{&quot;jet_parallax_layout_image&quot;:{&quot;url&quot;:&quot;&quot;,&quot;id&quot;:&quot;&quot;,&quot;size&quot;:&quot;&quot;},&quot;_id&quot;:&quot;d304619&quot;,&quot;jet_parallax_layout_image_tablet&quot;:{&quot;url&quot;:&quot;&quot;,&quot;id&quot;:&quot;&quot;,&quot;size&quot;:&quot;&quot;},&quot;jet_parallax_layout_image_mobile&quot;:{&quot;url&quot;:&quot;&quot;,&quot;id&quot;:&quot;&quot;,&quot;size&quot;:&quot;&quot;},&quot;jet_parallax_layout_speed&quot;:{&quot;unit&quot;:&quot;%&quot;,&quot;size&quot;:50,&quot;sizes&quot;:[]},&quot;jet_parallax_layout_type&quot;:&quot;scroll&quot;,&quot;jet_parallax_layout_direction&quot;:null,&quot;jet_parallax_layout_fx_direction&quot;:null,&quot;jet_parallax_layout_z_index&quot;:&quot;&quot;,&quot;jet_parallax_layout_bg_x&quot;:50,&quot;jet_parallax_layout_bg_x_tablet&quot;:&quot;&quot;,&quot;jet_parallax_layout_bg_x_mobile&quot;:&quot;&quot;,&quot;jet_parallax_layout_bg_y&quot;:50,&quot;jet_parallax_layout_bg_y_tablet&quot;:&quot;&quot;,&quot;jet_parallax_layout_bg_y_mobile&quot;:&quot;&quot;,&quot;jet_parallax_layout_bg_size&quot;:&quot;auto&quot;,&quot;jet_parallax_layout_bg_size_tablet&quot;:&quot;&quot;,&quot;jet_parallax_layout_bg_size_mobile&quot;:&quot;&quot;,&quot;jet_parallax_layout_animation_prop&quot;:&quot;transform&quot;,&quot;jet_parallax_layout_on&quot;:[&quot;desktop&quot;,&quot;tablet&quot;]}]}\">\n\t\t\t\t\t\t<div class=\"elementor-container elementor-column-gap-no\">\n\t\t\t\t\t<div class=\"elementor-column elementor-col-50 elementor-top-column elementor-element elementor-element-61bbac7\" data-id=\"61bbac7\" data-element_type=\"column\">\n\t\t\t<div class=\"elementor-widget-wrap elementor-element-populated\">\n\t\t\t\t\t\t<div class=\"elementor-element elementor-element-ae0edb3 elementor-widget elementor-widget-image\" data-id=\"ae0edb3\" data-element_type=\"widget\" data-widget_type=\"image.default\">\n\t\t\t\t<div class=\"elementor-widget-container\">\n\t\t\t\t\t\t\t\t\t\t\t\t\t<img fetchpriority=\"high\" decoding=\"async\" width=\"1600\" height=\"1600\" src=\"https:\/\/www.istanbulcuval.com\/wp-content\/uploads\/2024\/09\/33da4ea4-6ee9-4a3c-94c0-0b805911ccb6.jpg\" class=\"attachment-2048x2048 size-2048x2048 wp-image-492\" alt=\"\" srcset=\"https:\/\/www.istanbulcuval.com\/wp-content\/uploads\/2024\/09\/33da4ea4-6ee9-4a3c-94c0-0b805911ccb6.jpg 1600w, https:\/\/www.istanbulcuval.com\/wp-content\/uploads\/2024\/09\/33da4ea4-6ee9-4a3c-94c0-0b805911ccb6-300x300.jpg 300w, https:\/\/www.istanbulcuval.com\/wp-content\/uploads\/2024\/09\/33da4ea4-6ee9-4a3c-94c0-0b805911ccb6-1024x1024.jpg 1024w, https:\/\/www.istanbulcuval.com\/wp-content\/uploads\/2024\/09\/33da4ea4-6ee9-4a3c-94c0-0b805911ccb6-150x150.jpg 150w, https:\/\/www.istanbulcuval.com\/wp-content\/uploads\/2024\/09\/33da4ea4-6ee9-4a3c-94c0-0b805911ccb6-768x768.jpg 768w, https:\/\/www.istanbulcuval.com\/wp-content\/uploads\/2024\/09\/33da4ea4-6ee9-4a3c-94c0-0b805911ccb6-1536x1536.jpg 1536w, https:\/\/www.istanbulcuval.com\/wp-content\/uploads\/2024\/09\/33da4ea4-6ee9-4a3c-94c0-0b805911ccb6-500x500.jpg 500w\" sizes=\"(max-width: 1600px) 100vw, 1600px\" \/>\t\t\t\t\t\t\t\t\t\t\t\t\t<\/div>\n\t\t\t\t<\/div>\n\t\t\t\t<div class=\"elementor-element elementor-element-3419448 elementor-widget-tablet__width-initial elementor-absolute elementor-widget elementor-widget-raven-image\" data-id=\"3419448\" data-element_type=\"widget\" data-settings=\"{&quot;_position&quot;:&quot;absolute&quot;}\" data-widget_type=\"raven-image.default\">\n\t\t\t\t<div class=\"elementor-widget-container\">\n\t\t\t\t\t<div class=\"raven-image\" data-parallax=\"{&quot;y&quot;:-50,&quot;smoothness&quot;:30}\">\n\t\t\n\t\t\n\t\t<img decoding=\"async\" width=\"1600\" height=\"1600\" src=\"http:\/\/www.istanbulcuval.com\/wp-content\/uploads\/2024\/09\/2e27438f-9b67-4c48-a05b-184f98d191f8-1.jpg\" class=\"attachment-full size-full wp-image-489\" alt=\"\" srcset=\"http:\/\/www.istanbulcuval.com\/wp-content\/uploads\/2024\/09\/2e27438f-9b67-4c48-a05b-184f98d191f8-1.jpg 1600w, http:\/\/www.istanbulcuval.com\/wp-content\/uploads\/2024\/09\/2e27438f-9b67-4c48-a05b-184f98d191f8-1-300x300.jpg 300w, http:\/\/www.istanbulcuval.com\/wp-content\/uploads\/2024\/09\/2e27438f-9b67-4c48-a05b-184f98d191f8-1-1024x1024.jpg 1024w, http:\/\/www.istanbulcuval.com\/wp-content\/uploads\/2024\/09\/2e27438f-9b67-4c48-a05b-184f98d191f8-1-150x150.jpg 150w, http:\/\/www.istanbulcuval.com\/wp-content\/uploads\/2024\/09\/2e27438f-9b67-4c48-a05b-184f98d191f8-1-768x768.jpg 768w, http:\/\/www.istanbulcuval.com\/wp-content\/uploads\/2024\/09\/2e27438f-9b67-4c48-a05b-184f98d191f8-1-1536x1536.jpg 1536w, http:\/\/www.istanbulcuval.com\/wp-content\/uploads\/2024\/09\/2e27438f-9b67-4c48-a05b-184f98d191f8-1-500x500.jpg 500w\" sizes=\"(max-width: 1600px) 100vw, 1600px\" \/>\t\t<\/div>\n\t\t\t\t<\/div>\n\t\t\t\t<\/div>\n\t\t\t\t\t<\/div>\n\t\t<\/div>\n\t\t\t\t<div class=\"elementor-column elementor-col-50 elementor-top-column elementor-element elementor-element-020cf16\" data-id=\"020cf16\" data-element_type=\"column\">\n\t\t\t<div class=\"elementor-widget-wrap elementor-element-populated\">\n\t\t\t\t\t\t<div class=\"elementor-element elementor-element-52782e6 elementor-widget elementor-widget-image\" data-id=\"52782e6\" data-element_type=\"widget\" data-widget_type=\"image.default\">\n\t\t\t\t<div class=\"elementor-widget-container\">\n\t\t\t\t\t\t\t\t\t\t\t\t\t<img decoding=\"async\" width=\"500\" height=\"500\" src=\"https:\/\/www.istanbulcuval.com\/wp-content\/uploads\/2024\/09\/c9daa1aa-b68b-43f7-b351-5f040510b745-500x500.jpg\" class=\"attachment-Image Size 500x500 size-Image Size 500x500 wp-image-469\" alt=\"\" srcset=\"https:\/\/www.istanbulcuval.com\/wp-content\/uploads\/2024\/09\/c9daa1aa-b68b-43f7-b351-5f040510b745-500x500.jpg 500w, https:\/\/www.istanbulcuval.com\/wp-content\/uploads\/2024\/09\/c9daa1aa-b68b-43f7-b351-5f040510b745-300x300.jpg 300w, https:\/\/www.istanbulcuval.com\/wp-content\/uploads\/2024\/09\/c9daa1aa-b68b-43f7-b351-5f040510b745-1024x1024.jpg 1024w, https:\/\/www.istanbulcuval.com\/wp-content\/uploads\/2024\/09\/c9daa1aa-b68b-43f7-b351-5f040510b745-150x150.jpg 150w, https:\/\/www.istanbulcuval.com\/wp-content\/uploads\/2024\/09\/c9daa1aa-b68b-43f7-b351-5f040510b745-768x768.jpg 768w, https:\/\/www.istanbulcuval.com\/wp-content\/uploads\/2024\/09\/c9daa1aa-b68b-43f7-b351-5f040510b745.jpg 1511w\" sizes=\"(max-width: 500px) 100vw, 500px\" \/>\t\t\t\t\t\t\t\t\t\t\t\t\t<\/div>\n\t\t\t\t<\/div>\n\t\t\t\t\t<\/div>\n\t\t<\/div>\n\t\t\t\t\t<\/div>\n\t\t<\/section>\n\t\t\t\t<\/div>\n\t\t","protected":false},"excerpt":{"rendered":"<p>Hakk\u0131m\u0131zda Biz K\u0131m\u0131z ? \u0130stanbul \u00c7uval \u0130stanbul \u00c7uval olarak, uzun y\u0131llard\u0131r \u00e7uval ve ambalaj sekt\u00f6r\u00fcnde g\u00fcvenilir ve kaliteli hizmet sunmaktay\u0131z. Hem perakende hem de toptan sat\u0131\u015flarla, geni\u015f bir \u00fcr\u00fcn yelpazesine sahibiz. M\u00fc\u015fterilerimize en dayan\u0131kl\u0131 ve \u00e7e\u015fitli \u00fcr\u00fcn se\u00e7eneklerini sunarak, ihtiya\u00e7lar\u0131na uygun \u00e7\u00f6z\u00fcmler sa\u011fl\u0131yoruz. \u00dcr\u00fcn yelpazemizde, PP \u00e7uval, j\u00fct \u00e7uval, j\u00fct kuma\u015f, branda, file \u00e7uval, ikinci [&hellip;]<\/p>\n","protected":false},"author":1,"featured_media":0,"parent":0,"menu_order":0,"comment_status":"closed","ping_status":"closed","template":"full-width.php","meta":{"_acf_changed":false,"footnotes":""},"class_list":["post-107","page","type-page","status-publish","hentry"],"acf":[],"_links":{"self":[{"href":"http:\/\/www.istanbulcuval.com\/index.php?rest_route=\/wp\/v2\/pages\/107"}],"collection":[{"href":"http:\/\/www.istanbulcuval.com\/index.php?rest_route=\/wp\/v2\/pages"}],"about":[{"href":"http:\/\/www.istanbulcuval.com\/index.php?rest_route=\/wp\/v2\/types\/page"}],"author":[{"embeddable":true,"href":"http:\/\/www.istanbulcuval.com\/index.php?rest_route=\/wp\/v2\/users\/1"}],"replies":[{"embeddable":true,"href":"http:\/\/www.istanbulcuval.com\/index.php?rest_route=%2Fwp%2Fv2%2Fcomments&post=107"}],"version-history":[{"count":14,"href":"http:\/\/www.istanbulcuval.com\/index.php?rest_route=\/wp\/v2\/pages\/107\/revisions"}],"predecessor-version":[{"id":827,"href":"http:\/\/www.istanbulcuval.com\/index.php?rest_route=\/wp\/v2\/pages\/107\/revisions\/827"}],"wp:attachment":[{"href":"http:\/\/www.istanbulcuval.com\/index.php?rest_route=%2Fwp%2Fv2%2Fmedia&parent=107"}],"curies":[{"name":"wp","href":"https:\/\/api.w.org\/{rel}","templated":true}]}}